{"id":16826,"date":"2021-03-24T08:32:59","date_gmt":"2021-03-24T08:32:59","guid":{"rendered":"https:\/\/valk.web-wings.nl\/showroom\/"},"modified":"2025-08-04T12:24:49","modified_gmt":"2025-08-04T10:24:49","slug":"showroom","status":"publish","type":"page","link":"https:\/\/valkveranda.nl\/de\/showroom\/","title":{"rendered":"Showroom"},"content":{"rendered":"<div class=\"wpb-content-wrapper\"><p>[vc_row][vc_column][vc_empty_space height=&#8220;50px&#8220;]<div id=\"ultimate-heading-95196a071e222415b\" class=\"uvc-heading ult-adjust-bottom-margin ultimate-heading-95196a071e222415b uvc-2699  uvc-heading-default-font-sizes\" data-hspacer=\"no_spacer\"  data-halign=\"center\" style=\"text-align:center\"><div class=\"uvc-heading-spacer no_spacer\" style=\"top\"><\/div><div class=\"uvc-main-heading ult-responsive\"  data-ultimate-target='.uvc-heading.ultimate-heading-95196a071e222415b h1'  data-responsive-json-new='{\"font-size\":\"\",\"line-height\":\"\"}' ><h1 style=\"--font-weight:theme;\">Ausstellungsraum<\/h1><\/div><\/div>[vc_empty_space height=&#8220;30px&#8220;][vc_column_text]<\/p>\n<p style=\"text-align: center;\">Dank unserer langj\u00e4hrigen Erfahrung in der Montage und Lieferung von Aluminiumveranden, Carports und verwandten Produkten verstehen wir Ihre Bed\u00fcrfnisse bei der Gartengestaltung wie kein anderer. Wir sind daher bereit, Sie optimal zu beraten. Au\u00dferdem m\u00f6chten wir Ihnen die M\u00f6glichkeit geben, alle Materialien ausf\u00fchrlich zu besichtigen, bevor Sie sich f\u00fcr die Montage einer Veranda oder eines Carports entscheiden. In unserem Ausstellungsraum in Den Bosch k\u00f6nnen Sie sich ein klares Bild von den M\u00f6glichkeiten machen und unsere Mitarbeiter stehen Ihnen zur Verf\u00fcgung. M\u00f6chten Sie mehr \u00fcber unsere Produktpalette erfahren? Dann lesen Sie weiter!<\/p>\n<p>[\/vc_column_text][vc_empty_space height=&#8220;50px&#8220;][\/vc_column][\/vc_row][vc_row full_width=&#8220;stretch_row&#8220; bg_type=&#8220;bg_color&#8220; css=&#8220;.vc_custom_1689339993221{padding-top: 50px !important;padding-bottom: 50px !important;}&#8220; bg_color_value=&#8220;#f7f7f7&#8243;][vc_column width=&#8220;1\/2&#8243; css=&#8220;.vc_custom_1689340084125{padding-top: 35px !important;padding-bottom: 35px !important;background-image: url(https:\/\/valkveranda.nl\/wp-content\/uploads\/2022\/11\/glas3.jpg?id=21216) !important;background-position: center !important;background-repeat: no-repeat !important;background-size: cover !important;}&#8220;][vc_empty_space height=&#8220;500px&#8220;][\/vc_column][vc_column width=&#8220;1\/2&#8243;]<div id=\"ultimate-heading-6226a071e22241d2\" class=\"uvc-heading ult-adjust-bottom-margin ultimate-heading-6226a071e22241d2 uvc-2796  uvc-heading-default-font-sizes\" data-hspacer=\"no_spacer\"  data-halign=\"left\" style=\"text-align:left\"><div class=\"uvc-heading-spacer no_spacer\" style=\"top\"><\/div><div class=\"uvc-main-heading ult-responsive\"  data-ultimate-target='.uvc-heading.ultimate-heading-6226a071e22241d2 h2'  data-responsive-json-new='{\"font-size\":\"\",\"line-height\":\"\"}' ><h2 style=\"--font-weight:theme;\">Ein Besuch in unserem Ausstellungsraum lohnt sich<\/h2><\/div><div class=\"uvc-sub-heading ult-responsive\"  data-ultimate-target='.uvc-heading.ultimate-heading-6226a071e22241d2 .uvc-sub-heading '  data-responsive-json-new='{\"font-size\":\"\",\"line-height\":\"\"}'  style=\"font-weight:normal;\">Sie sind sich noch nicht sicher, welche Veranda Sie haben m\u00f6chten, oder wissen noch nicht, welche Materialien am besten zu Ihren Bed\u00fcrfnissen passen? Dann empfehlen wir Ihnen unbedingt einen Besuch in unserem Ausstellungsraum. Unser Ausstellungsraum ist eine wahre Inspirationsquelle, wenn Sie Ihren Garten in Angriff nehmen wollen. Hier k\u00f6nnen Sie sich in aller Ruhe umsehen und herausfinden, welche Elemente am besten in Ihren Garten passen. Schauen Sie sich die Farben der Materialien an und \u00fcberzeugen Sie sich von der Qualit\u00e4t unserer Produkte.<\/p>\n<p>Unsere Mitarbeiter nehmen sich gerne die Zeit, um mit Ihnen zu sprechen und Ihre W\u00fcnsche zu ermitteln. Wenn wir genau wissen, was Sie wollen, vereinbaren wir einen Messtermin. Dabei messen wir die Veranda genau aus, um Ihnen den bestm\u00f6glichen Kostenvoranschlag machen zu k\u00f6nnen. Wenn wir uns einig sind, beginnen wir schnell mit der Montage Ihrer Veranda. Wenn Sie eine spezifische und ausf\u00fchrliche Beratung \u00fcber Ihre Gartengestaltung w\u00fcnschen, empfehlen wir Ihnen, vorab einen Termin zu vereinbaren. Wir nehmen uns dann gerne Zeit, um Ihre spezielle Situation zu betrachten. Hilfreich ist es auch, wenn Sie bereits einige Ma\u00dfe notieren und Fotos von Ihrem Garten machen. So k\u00f6nnen wir uns ein besseres Bild machen und schnell f\u00fcr Sie t\u00e4tig werden.<\/div><\/div>[\/vc_column][\/vc_row][vc_row full_width=&#8220;stretch_row&#8220; gap=&#8220;20&#8243; bg_type=&#8220;image&#8220; parallax_style=&#8220;vcpb-default&#8220; bg_image_new=&#8220;id^16471|url^https:\/\/valk.web-wings.nl\/wp-content\/uploads\/2020\/12\/zijkant-wit-03-e1608735634238.png|caption^null|alt^null|title^zijkant wit-03|description^null&#8220; css=&#8220;.vc_custom_1620391412074{padding-top: 50px !important;padding-bottom: 50px !important;}&#8220;][vc_column width=&#8220;1\/2&#8243;]<div id=\"ultimate-heading-15486a071e222432f\" class=\"uvc-heading ult-adjust-bottom-margin ultimate-heading-15486a071e222432f uvc-633  uvc-heading-default-font-sizes\" data-hspacer=\"line_with_icon\" data-hline_width=\"250\" data-hicon_type=\"selector\" data-hborder_style=\"solid\" data-hborder_height=\"1\" data-hborder_color=\"#ec6719\" data-icon_width=\"0\" data-hfixer=\"0\"  data-halign=\"left\" style=\"text-align:left\"><div class=\"uvc-main-heading ult-responsive\"  data-ultimate-target='.uvc-heading.ultimate-heading-15486a071e222432f h2'  data-responsive-json-new='{\"font-size\":\"\",\"line-height\":\"\"}' ><h2 style=\"--font-weight:theme;\">Alles f\u00fcr Ihren Garten in unsere Schauraum<\/h2><\/div><div class=\"uvc-heading-spacer line_with_icon\" style=\"margin-bottom:25px;height:0px;\"><div class=\"ult-just-icon-wrapper  \"><div class=\"align-icon\" style=\"text-align:left;\"><\/div><\/div><\/div><div class=\"uvc-sub-heading ult-responsive\"  data-ultimate-target='.uvc-heading.ultimate-heading-15486a071e222432f .uvc-sub-heading '  data-responsive-json-new='{\"font-size\":\"\",\"line-height\":\"\"}'  style=\"font-weight:normal;\">In unserem Ausstellungsraum finden Sie nicht nur <a href=\"https:\/\/valkveranda.nl\/de\/veranden\/\">die sch\u00f6nsten Veranden<\/a> und Vord\u00e4cher. Auch f\u00fcr <a href=\"\/de\/carport\/\">Carports<\/a> k\u00f6nnen Sie zu uns kommen. Damit haben Sie nicht nur einen sch\u00f6nen, gesch\u00fctzten Platz f\u00fcr sich, sondern sch\u00fctzen auch Ihr Fahrzeug vor dem wechselhaften Klima in den Niederlanden. Au\u00dferdem entsteht so ein fertiges Haus. Auch Markisen k\u00f6nnen Sie in unserem Ausstellungsraum besichtigen. Markisen sind ideal, um Ihrer Terrasse etwas Schatten zu spenden. So k\u00f6nnen Sie auch im Sommer im Garten sitzen, ohne einen Sonnenbrand zu bekommen. Sie k\u00fchlen nicht nur ab, sondern sehen auch ordentlich aus. Unsere Markisen k\u00f6nnen Sie auch in unserem Valk Veranda Showroom bewundern. So k\u00f6nnen Sie genau sehen, wie sie funktioniert und ob sie zu Ihrem Haus passt.<\/p>\n<p>Wir haben eine gro\u00dfe Leidenschaft f\u00fcr die Gartengestaltung. Jedes Gartenprojekt ist einzigartig, und es ist unsere Aufgabe, eine ma\u00dfgeschneiderte L\u00f6sung zu finden. Auch f\u00fcr die kleinen Details k\u00f6nnen Sie sich an uns wenden. <a href=\"https:\/\/valkveranda.nl\/de\/glaeserne-schiebewaende\/\">Wir k\u00f6nnen zum Beispiel Glasschiebew\u00e4nde in Ihrer \u00dcberdachung installieren<\/a> oder Led-Strahler, die bis sp\u00e4t in die Nacht unter der Veranda bleiben. All diese Varianten k\u00f6nnen Sie in unserem Veranda-Showroom bewundern. Vereinbaren Sie bald einen Termin und wer wei\u00df, vielleicht sehen wir uns ja bald!<\/div><\/div><a href=\"\/de\/angebot\/\" class=\"btn-shortcode dt-btn-m dt-btn default-btn-color default-btn-hover-color default-btn-bg-color default-btn-bg-hover-color\" id=\"dt-btn-1\"><span>Fordern Sie ein Angebot an<\/span><\/a>[\/vc_column][vc_column width=&#8220;1\/2&#8243;][vc_empty_space height=&#8220;50px&#8220; el_class=&#8220;emptyspacemobile&#8220;][vc_single_image image=&#8220;18987&#8243; img_size=&#8220;full&#8220; alignment=&#8220;right&#8220; style=&#8220;vc_box_rounded&#8220;][\/vc_column][\/vc_row]<\/p>\n<\/div>","protected":false},"excerpt":{"rendered":"<p>[vc_row][vc_column][vc_empty_space height=&#8220;50px&#8220;][vc_empty_space height=&#8220;30px&#8220;][vc_column_text] Dank unserer langj\u00e4hrigen Erfahrung in der Montage und Lieferung von Aluminiumveranden, Carports und verwandten Produkten verstehen wir Ihre Bed\u00fcrfnisse bei der Gartengestaltung wie kein anderer. Wir sind daher bereit, Sie optimal zu beraten. Au\u00dferdem m\u00f6chten wir Ihnen die M\u00f6glichkeit geben, alle Materialien ausf\u00fchrlich zu besichtigen, bevor Sie sich f\u00fcr die Montage einer&hellip;<\/p>\n","protected":false},"author":4,"featured_media":0,"parent":0,"menu_order":0,"comment_status":"closed","ping_status":"closed","template":"","meta":{"footnotes":""},"class_list":["post-16826","page","type-page","status-publish","hentry","description-off"],"yoast_head":"<!-- This site is optimized with the Yoast SEO plugin v27.6 - https:\/\/yoast.com\/product\/yoast-seo-wordpress\/ -->\n<title>Besuchen Sie unseren Showroom | Valk Veranda<\/title>\n<meta name=\"description\" content=\"Erleben Sie unsere Veranden und \u00dcberdachungen live im unsere Showroom in den Niederlanden. | Valk Veranda, f\u00fcr Qualit\u00e4t und Personalisierung\" \/>\n<meta name=\"robots\" content=\"index, follow, max-snippet:-1, max-image-preview:large, max-video-preview:-1\" \/>\n<link rel=\"canonical\" href=\"https:\/\/valkveranda.nl\/de\/showroom\/\" \/>\n<meta property=\"og:locale\" content=\"de_DE\" \/>\n<meta property=\"og:type\" content=\"article\" \/>\n<meta property=\"og:title\" content=\"Besuchen Sie unseren Showroom | Valk Veranda\" \/>\n<meta property=\"og:description\" content=\"Erleben Sie unsere Veranden und \u00dcberdachungen live im unsere Showroom in den Niederlanden. | Valk Veranda, f\u00fcr Qualit\u00e4t und Personalisierung\" \/>\n<meta property=\"og:url\" content=\"https:\/\/valkveranda.nl\/de\/showroom\/\" \/>\n<meta property=\"og:site_name\" content=\"Valk Veranda\" \/>\n<meta property=\"article:publisher\" content=\"https:\/\/www.facebook.com\/valkveranda.nl\/?locale=nl_NL\" \/>\n<meta property=\"article:modified_time\" content=\"2025-08-04T10:24:49+00:00\" \/>\n<meta name=\"twitter:card\" content=\"summary_large_image\" \/>\n<meta name=\"twitter:label1\" content=\"Gesch\u00e4tzte Lesezeit\" \/>\n\t<meta name=\"twitter:data1\" content=\"3\u00a0Minuten\" \/>\n<script type=\"application\/ld+json\" class=\"yoast-schema-graph\">{\"@context\":\"https:\\\/\\\/schema.org\",\"@graph\":[{\"@type\":\"WebPage\",\"@id\":\"https:\\\/\\\/valkveranda.nl\\\/de\\\/showroom\\\/\",\"url\":\"https:\\\/\\\/valkveranda.nl\\\/de\\\/showroom\\\/\",\"name\":\"Besuchen Sie unseren Showroom | Valk Veranda\",\"isPartOf\":{\"@id\":\"https:\\\/\\\/valkveranda.nl\\\/de\\\/#website\"},\"datePublished\":\"2021-03-24T08:32:59+00:00\",\"dateModified\":\"2025-08-04T10:24:49+00:00\",\"description\":\"Erleben Sie unsere Veranden und \u00dcberdachungen live im unsere Showroom in den Niederlanden. | Valk Veranda, f\u00fcr Qualit\u00e4t und Personalisierung\",\"breadcrumb\":{\"@id\":\"https:\\\/\\\/valkveranda.nl\\\/de\\\/showroom\\\/#breadcrumb\"},\"inLanguage\":\"de\",\"potentialAction\":[{\"@type\":\"ReadAction\",\"target\":[\"https:\\\/\\\/valkveranda.nl\\\/de\\\/showroom\\\/\"]}]},{\"@type\":\"BreadcrumbList\",\"@id\":\"https:\\\/\\\/valkveranda.nl\\\/de\\\/showroom\\\/#breadcrumb\",\"itemListElement\":[{\"@type\":\"ListItem\",\"position\":1,\"name\":\"Home\",\"item\":\"https:\\\/\\\/valkveranda.nl\\\/de\\\/\"},{\"@type\":\"ListItem\",\"position\":2,\"name\":\"Showroom\"}]},{\"@type\":\"WebSite\",\"@id\":\"https:\\\/\\\/valkveranda.nl\\\/de\\\/#website\",\"url\":\"https:\\\/\\\/valkveranda.nl\\\/de\\\/\",\"name\":\"Valk Veranda\",\"description\":\"Geniet langer van uw tuin!\",\"publisher\":{\"@id\":\"https:\\\/\\\/valkveranda.nl\\\/de\\\/#organization\"},\"potentialAction\":[{\"@type\":\"SearchAction\",\"target\":{\"@type\":\"EntryPoint\",\"urlTemplate\":\"https:\\\/\\\/valkveranda.nl\\\/de\\\/?s={search_term_string}\"},\"query-input\":{\"@type\":\"PropertyValueSpecification\",\"valueRequired\":true,\"valueName\":\"search_term_string\"}}],\"inLanguage\":\"de\"},{\"@type\":\"Organization\",\"@id\":\"https:\\\/\\\/valkveranda.nl\\\/de\\\/#organization\",\"name\":\"Valk Veranda\",\"url\":\"https:\\\/\\\/valkveranda.nl\\\/de\\\/\",\"logo\":{\"@type\":\"ImageObject\",\"inLanguage\":\"de\",\"@id\":\"https:\\\/\\\/valkveranda.nl\\\/de\\\/#\\\/schema\\\/logo\\\/image\\\/\",\"url\":\"https:\\\/\\\/valkveranda.nl\\\/wp-content\\\/uploads\\\/2020\\\/10\\\/valk-veranda-02.png\",\"contentUrl\":\"https:\\\/\\\/valkveranda.nl\\\/wp-content\\\/uploads\\\/2020\\\/10\\\/valk-veranda-02.png\",\"width\":242,\"height\":51,\"caption\":\"Valk Veranda\"},\"image\":{\"@id\":\"https:\\\/\\\/valkveranda.nl\\\/de\\\/#\\\/schema\\\/logo\\\/image\\\/\"},\"sameAs\":[\"https:\\\/\\\/www.facebook.com\\\/valkveranda.nl\\\/?locale=nl_NL\",\"https:\\\/\\\/www.instagram.co\"]}]}<\/script>\n<!-- \/ Yoast SEO plugin. -->","yoast_head_json":{"title":"Besuchen Sie unseren Showroom | Valk Veranda","description":"Erleben Sie unsere Veranden und \u00dcberdachungen live im unsere Showroom in den Niederlanden. | Valk Veranda, f\u00fcr Qualit\u00e4t und Personalisierung","robots":{"index":"index","follow":"follow","max-snippet":"max-snippet:-1","max-image-preview":"max-image-preview:large","max-video-preview":"max-video-preview:-1"},"canonical":"https:\/\/valkveranda.nl\/de\/showroom\/","og_locale":"de_DE","og_type":"article","og_title":"Besuchen Sie unseren Showroom | Valk Veranda","og_description":"Erleben Sie unsere Veranden und \u00dcberdachungen live im unsere Showroom in den Niederlanden. | Valk Veranda, f\u00fcr Qualit\u00e4t und Personalisierung","og_url":"https:\/\/valkveranda.nl\/de\/showroom\/","og_site_name":"Valk Veranda","article_publisher":"https:\/\/www.facebook.com\/valkveranda.nl\/?locale=nl_NL","article_modified_time":"2025-08-04T10:24:49+00:00","twitter_card":"summary_large_image","twitter_misc":{"Gesch\u00e4tzte Lesezeit":"3\u00a0Minuten"},"schema":{"@context":"https:\/\/schema.org","@graph":[{"@type":"WebPage","@id":"https:\/\/valkveranda.nl\/de\/showroom\/","url":"https:\/\/valkveranda.nl\/de\/showroom\/","name":"Besuchen Sie unseren Showroom | Valk Veranda","isPartOf":{"@id":"https:\/\/valkveranda.nl\/de\/#website"},"datePublished":"2021-03-24T08:32:59+00:00","dateModified":"2025-08-04T10:24:49+00:00","description":"Erleben Sie unsere Veranden und \u00dcberdachungen live im unsere Showroom in den Niederlanden. | Valk Veranda, f\u00fcr Qualit\u00e4t und Personalisierung","breadcrumb":{"@id":"https:\/\/valkveranda.nl\/de\/showroom\/#breadcrumb"},"inLanguage":"de","potentialAction":[{"@type":"ReadAction","target":["https:\/\/valkveranda.nl\/de\/showroom\/"]}]},{"@type":"BreadcrumbList","@id":"https:\/\/valkveranda.nl\/de\/showroom\/#breadcrumb","itemListElement":[{"@type":"ListItem","position":1,"name":"Home","item":"https:\/\/valkveranda.nl\/de\/"},{"@type":"ListItem","position":2,"name":"Showroom"}]},{"@type":"WebSite","@id":"https:\/\/valkveranda.nl\/de\/#website","url":"https:\/\/valkveranda.nl\/de\/","name":"Valk Veranda","description":"Geniet langer van uw tuin!","publisher":{"@id":"https:\/\/valkveranda.nl\/de\/#organization"},"potentialAction":[{"@type":"SearchAction","target":{"@type":"EntryPoint","urlTemplate":"https:\/\/valkveranda.nl\/de\/?s={search_term_string}"},"query-input":{"@type":"PropertyValueSpecification","valueRequired":true,"valueName":"search_term_string"}}],"inLanguage":"de"},{"@type":"Organization","@id":"https:\/\/valkveranda.nl\/de\/#organization","name":"Valk Veranda","url":"https:\/\/valkveranda.nl\/de\/","logo":{"@type":"ImageObject","inLanguage":"de","@id":"https:\/\/valkveranda.nl\/de\/#\/schema\/logo\/image\/","url":"https:\/\/valkveranda.nl\/wp-content\/uploads\/2020\/10\/valk-veranda-02.png","contentUrl":"https:\/\/valkveranda.nl\/wp-content\/uploads\/2020\/10\/valk-veranda-02.png","width":242,"height":51,"caption":"Valk Veranda"},"image":{"@id":"https:\/\/valkveranda.nl\/de\/#\/schema\/logo\/image\/"},"sameAs":["https:\/\/www.facebook.com\/valkveranda.nl\/?locale=nl_NL","https:\/\/www.instagram.co"]}]}},"_links":{"self":[{"href":"https:\/\/valkveranda.nl\/de\/wp-json\/wp\/v2\/pages\/16826","targetHints":{"allow":["GET"]}}],"collection":[{"href":"https:\/\/valkveranda.nl\/de\/wp-json\/wp\/v2\/pages"}],"about":[{"href":"https:\/\/valkveranda.nl\/de\/wp-json\/wp\/v2\/types\/page"}],"author":[{"embeddable":true,"href":"https:\/\/valkveranda.nl\/de\/wp-json\/wp\/v2\/users\/4"}],"replies":[{"embeddable":true,"href":"https:\/\/valkveranda.nl\/de\/wp-json\/wp\/v2\/comments?post=16826"}],"version-history":[{"count":29,"href":"https:\/\/valkveranda.nl\/de\/wp-json\/wp\/v2\/pages\/16826\/revisions"}],"predecessor-version":[{"id":23783,"href":"https:\/\/valkveranda.nl\/de\/wp-json\/wp\/v2\/pages\/16826\/revisions\/23783"}],"wp:attachment":[{"href":"https:\/\/valkveranda.nl\/de\/wp-json\/wp\/v2\/media?parent=16826"}],"curies":[{"name":"wp","href":"https:\/\/api.w.org\/{rel}","templated":true}]}}