{"id":16948,"date":"2021-03-24T13:27:33","date_gmt":"2021-03-24T13:27:33","guid":{"rendered":"https:\/\/valk.web-wings.nl\/ueber-uns\/"},"modified":"2023-06-13T09:46:51","modified_gmt":"2023-06-13T07:46:51","slug":"ueber-uns","status":"publish","type":"page","link":"https:\/\/valkveranda.nl\/de\/ueber-uns\/","title":{"rendered":"\u00dcber uns"},"content":{"rendered":"<div class=\"wpb-content-wrapper\"><p>[vc_row full_width=&#8220;stretch_row_content_no_spaces&#8220; disable_element=&#8220;yes&#8220; bg_type=&#8220;bg_color&#8220; bg_color_value=&#8220;#3c5463&#8243; css=&#8220;.vc_custom_1607605749799{padding-top: 50px !important;padding-bottom: 50px !important;}&#8220;][vc_column][vc_column_text el_class=&#8220;wittetekst&#8220;]<\/p>\n<h6 style=\"text-align: center; color: white;\">Ihre Vorteile<\/h6>\n<p style=\"text-align: center;\"><i class=\"fas fa-check\" style=\"color: #00b200;\"><\/i> 10 Jahre Garantie<br \/>\n<i class=\"fas fa-check\" style=\"color: #00b200;\"><\/i> Topqualit\u00e4t<br \/>\n<i class=\"fas fa-check\" style=\"color: #00b200;\"><\/i> Gratis Ma\u00dfarbeit<br \/>\n<i class=\"fas fa-check\" style=\"color: #00b200;\"><\/i> Fachkompetentes Personal<br \/>\n<i class=\"fas fa-check\" style=\"color: #00b200;\"><\/i> 100% Zufriedenheitsgarantie<\/p>\n<p>[\/vc_column_text][\/vc_column][\/vc_row][vc_row css=&#8220;.vc_custom_1604399668219{padding-top: 50px !important;}&#8220;][vc_column]<div id=\"ultimate-heading-471969ecab2db463f\" class=\"uvc-heading ult-adjust-bottom-margin ultimate-heading-471969ecab2db463f uvc-4362 \" data-hspacer=\"line_with_icon\" data-hline_width=\"250\" data-hicon_type=\"selector\" data-hborder_style=\"solid\" data-hborder_height=\"1\" data-hborder_color=\"#ec6719\" data-icon_width=\"0\" data-hfixer=\"0\"  data-halign=\"left\" style=\"text-align:left\"><div class=\"uvc-main-heading ult-responsive\"  data-ultimate-target='.uvc-heading.ultimate-heading-471969ecab2db463f h1'  data-responsive-json-new='{\"font-size\":\"desktop:40px;\",\"line-height\":\"\"}' ><h1 style=\"--font-weight:theme;\">\u00dcber uns<\/h1><\/div><div class=\"uvc-heading-spacer line_with_icon\" style=\"topheight:0px;\"><div class=\"ult-just-icon-wrapper  \"><div class=\"align-icon\" style=\"text-align:left;\">\n<div class=\"aio-icon none \"  style=\"color:#43b4ea;font-size:0px;\">\n\t<i class=\"icomoon-the7-font-the7-mail-01\"><\/i>\n<\/div><\/div><\/div><\/div><\/div>[\/vc_column][\/vc_row][vc_row full_width=&#8220;stretch_row&#8220; bg_type=&#8220;image&#8220; parallax_style=&#8220;vcpb-default&#8220; bg_image_new=&#8220;id^16375|url^https:\/\/valk.web-wings.nl\/wp-content\/uploads\/2020\/12\/DEZE_Tekengebied-1-kopie.png|caption^null|alt^null|title^DEZE_Tekengebied 1 kopie|description^null&#8220; css=&#8220;.vc_custom_1607609760012{padding-top: 20px !important;padding-bottom: 50px !important;}&#8220;][vc_column width=&#8220;1\/2&#8243;][vc_column_text]Wir bei Valk Veranda sind der Meinung dass Sie l\u00e4nger von Ihrem Garten genie\u00dfen m\u00fcssen. Herrlich drau\u00dfen genie\u00dfen von Ihrer \u00fcberdachten Terrasse. Das muss nicht teuer sein. Vor allem nicht wenn Sie diese bei Valk Veranda kaufen. Bei Valk Veranda sind wir spezialisiert in Gartenverwandte Propdukte. Unter anderem: Veranden, Z\u00e4une, Tore, <a href=\"https:\/\/valkveranda.nl\/de\/schiebetueren-rahmen\/\">schiebetueren rahmen<\/a>, Gartenh\u00e4uschen, Sonnenschutze, Seitenw\u00e4nde aus Aluminium und gl\u00e4serne Schiebew\u00e4nde. Wir liefern Standardprodukte aber auch die exklusivsten Produkte. Mit dem <a href=\"https:\/\/valkveranda.nl\/de\/angebot\/\">Produktsortiment von Valk Veranda<\/a> k\u00f6nnen Sie immer voll und ganz von der freien Natur genie\u00dfen. Unsere Produkte kommen direkt vom Fabrikant, weshalb wir nicht nur g\u00fcnstig sondern auch schnell liefern und montieren k\u00f6nnen. 3 Mal mehr Vorteil f\u00fcr Sie.[\/vc_column_text][vc_column_text css=&#8220;.vc_custom_1604331759584{padding-bottom: 20px !important;}&#8220;]Ideal f\u00fcr gen\u00fcssliche Momente und lange Abende unter Ihrer Veranda vom fr\u00fchen Vorjahr bis zum sp\u00e4ten Herbst. Mit unserem Verandasystem haben Sie eine super Basis um Schritt f\u00fcr Schritt ein komplettes Gartenhaus zu realisieren. Mit einer Veranda aus Aluminium von Valk Veranda ist dies m\u00f6glich. Wir bieten Ihnen mehrere M\u00f6glichkeiten![\/vc_column_text]<a href=\"\/de\/angebot\/\" class=\"btn-shortcode dt-btn-m dt-btn default-btn-color default-btn-hover-color default-btn-bg-color default-btn-bg-hover-color\" id=\"dt-btn-1\"><span>Fordern Sie ein Angebot an<\/span><\/a>[\/vc_column][vc_column width=&#8220;1\/2&#8243;][vc_single_image image=&#8220;16960&#8243; img_size=&#8220;600&#215;500&#8243; style=&#8220;vc_box_rounded&#8220;][\/vc_column][\/vc_row]<\/p>\n<\/div>","protected":false},"excerpt":{"rendered":"<p>[vc_row full_width=&#8220;stretch_row_content_no_spaces&#8220; disable_element=&#8220;yes&#8220; bg_type=&#8220;bg_color&#8220; bg_color_value=&#8220;#3c5463&#8243; css=&#8220;.vc_custom_1607605749799{padding-top: 50px !important;padding-bottom: 50px !important;}&#8220;][vc_column][vc_column_text el_class=&#8220;wittetekst&#8220;] Ihre Vorteile 10 Jahre Garantie Topqualit\u00e4t Gratis Ma\u00dfarbeit Fachkompetentes Personal 100% Zufriedenheitsgarantie [\/vc_column_text][\/vc_column][\/vc_row][vc_row css=&#8220;.vc_custom_1604399668219{padding-top: 50px !important;}&#8220;][vc_column][\/vc_column][\/vc_row][vc_row full_width=&#8220;stretch_row&#8220; bg_type=&#8220;image&#8220; parallax_style=&#8220;vcpb-default&#8220; bg_image_new=&#8220;id^16375|url^https:\/\/valk.web-wings.nl\/wp-content\/uploads\/2020\/12\/DEZE_Tekengebied-1-kopie.png|caption^null|alt^null|title^DEZE_Tekengebied 1 kopie|description^null&#8220; css=&#8220;.vc_custom_1607609760012{padding-top: 20px !important;padding-bottom: 50px !important;}&#8220;][vc_column width=&#8220;1\/2&#8243;][vc_column_text]Wir bei Valk Veranda sind der Meinung dass Sie l\u00e4nger von Ihrem Garten genie\u00dfen m\u00fcssen. Herrlich drau\u00dfen&hellip;<\/p>\n","protected":false},"author":4,"featured_media":0,"parent":0,"menu_order":0,"comment_status":"closed","ping_status":"closed","template":"","meta":{"footnotes":""},"class_list":["post-16948","page","type-page","status-publish","hentry","description-off"],"yoast_head":"<!-- This site is optimized with the Yoast SEO plugin v27.4 - https:\/\/yoast.com\/product\/yoast-seo-wordpress\/ -->\n<title>\u00dcber uns - Valk Veranda - Maatwerk - Vraag uw offerte aan!<\/title>\n<meta name=\"description\" content=\"Valk Veranda glaubt, dass Sie Ihren Garten so gut wie m\u00f6glich genie\u00dfen k\u00f6nnen sollten. Lesen Sie mehr \u00fcber uns auf unserer Website.\" \/>\n<meta name=\"robots\" content=\"index, follow, max-snippet:-1, max-image-preview:large, max-video-preview:-1\" \/>\n<link rel=\"canonical\" href=\"https:\/\/valkveranda.nl\/de\/ueber-uns\/\" \/>\n<meta property=\"og:locale\" content=\"de_DE\" \/>\n<meta property=\"og:type\" content=\"article\" \/>\n<meta property=\"og:title\" content=\"\u00dcber uns - Valk Veranda - Maatwerk - Vraag uw offerte aan!\" \/>\n<meta property=\"og:description\" content=\"Valk Veranda glaubt, dass Sie Ihren Garten so gut wie m\u00f6glich genie\u00dfen k\u00f6nnen sollten. Lesen Sie mehr \u00fcber uns auf unserer Website.\" \/>\n<meta property=\"og:url\" content=\"https:\/\/valkveranda.nl\/de\/ueber-uns\/\" \/>\n<meta property=\"og:site_name\" content=\"Valk Veranda\" \/>\n<meta property=\"article:publisher\" content=\"https:\/\/www.facebook.com\/valkveranda.nl\/?locale=nl_NL\" \/>\n<meta property=\"article:modified_time\" content=\"2023-06-13T07:46:51+00:00\" \/>\n<meta name=\"twitter:card\" content=\"summary_large_image\" \/>\n<meta name=\"twitter:label1\" content=\"Gesch\u00e4tzte Lesezeit\" \/>\n\t<meta name=\"twitter:data1\" content=\"2\u00a0Minuten\" \/>\n<script type=\"application\/ld+json\" class=\"yoast-schema-graph\">{\"@context\":\"https:\\\/\\\/schema.org\",\"@graph\":[{\"@type\":\"WebPage\",\"@id\":\"https:\\\/\\\/valkveranda.nl\\\/de\\\/ueber-uns\\\/\",\"url\":\"https:\\\/\\\/valkveranda.nl\\\/de\\\/ueber-uns\\\/\",\"name\":\"\u00dcber uns - Valk Veranda - Maatwerk - Vraag uw offerte aan!\",\"isPartOf\":{\"@id\":\"https:\\\/\\\/valkveranda.nl\\\/de\\\/#website\"},\"datePublished\":\"2021-03-24T13:27:33+00:00\",\"dateModified\":\"2023-06-13T07:46:51+00:00\",\"description\":\"Valk Veranda glaubt, dass Sie Ihren Garten so gut wie m\u00f6glich genie\u00dfen k\u00f6nnen sollten. Lesen Sie mehr \u00fcber uns auf unserer Website.\",\"breadcrumb\":{\"@id\":\"https:\\\/\\\/valkveranda.nl\\\/de\\\/ueber-uns\\\/#breadcrumb\"},\"inLanguage\":\"de\",\"potentialAction\":[{\"@type\":\"ReadAction\",\"target\":[\"https:\\\/\\\/valkveranda.nl\\\/de\\\/ueber-uns\\\/\"]}]},{\"@type\":\"BreadcrumbList\",\"@id\":\"https:\\\/\\\/valkveranda.nl\\\/de\\\/ueber-uns\\\/#breadcrumb\",\"itemListElement\":[{\"@type\":\"ListItem\",\"position\":1,\"name\":\"Home\",\"item\":\"https:\\\/\\\/valkveranda.nl\\\/de\\\/\"},{\"@type\":\"ListItem\",\"position\":2,\"name\":\"\u00dcber uns\"}]},{\"@type\":\"WebSite\",\"@id\":\"https:\\\/\\\/valkveranda.nl\\\/de\\\/#website\",\"url\":\"https:\\\/\\\/valkveranda.nl\\\/de\\\/\",\"name\":\"Valk Veranda\",\"description\":\"Geniet langer van uw tuin!\",\"publisher\":{\"@id\":\"https:\\\/\\\/valkveranda.nl\\\/de\\\/#organization\"},\"potentialAction\":[{\"@type\":\"SearchAction\",\"target\":{\"@type\":\"EntryPoint\",\"urlTemplate\":\"https:\\\/\\\/valkveranda.nl\\\/de\\\/?s={search_term_string}\"},\"query-input\":{\"@type\":\"PropertyValueSpecification\",\"valueRequired\":true,\"valueName\":\"search_term_string\"}}],\"inLanguage\":\"de\"},{\"@type\":\"Organization\",\"@id\":\"https:\\\/\\\/valkveranda.nl\\\/de\\\/#organization\",\"name\":\"Valk Veranda\",\"url\":\"https:\\\/\\\/valkveranda.nl\\\/de\\\/\",\"logo\":{\"@type\":\"ImageObject\",\"inLanguage\":\"de\",\"@id\":\"https:\\\/\\\/valkveranda.nl\\\/de\\\/#\\\/schema\\\/logo\\\/image\\\/\",\"url\":\"https:\\\/\\\/valkveranda.nl\\\/wp-content\\\/uploads\\\/2020\\\/10\\\/valk-veranda-02.png\",\"contentUrl\":\"https:\\\/\\\/valkveranda.nl\\\/wp-content\\\/uploads\\\/2020\\\/10\\\/valk-veranda-02.png\",\"width\":242,\"height\":51,\"caption\":\"Valk Veranda\"},\"image\":{\"@id\":\"https:\\\/\\\/valkveranda.nl\\\/de\\\/#\\\/schema\\\/logo\\\/image\\\/\"},\"sameAs\":[\"https:\\\/\\\/www.facebook.com\\\/valkveranda.nl\\\/?locale=nl_NL\",\"https:\\\/\\\/www.instagram.co\"]}]}<\/script>\n<!-- \/ Yoast SEO plugin. -->","yoast_head_json":{"title":"\u00dcber uns - Valk Veranda - Maatwerk - Vraag uw offerte aan!","description":"Valk Veranda glaubt, dass Sie Ihren Garten so gut wie m\u00f6glich genie\u00dfen k\u00f6nnen sollten. Lesen Sie mehr \u00fcber uns auf unserer Website.","robots":{"index":"index","follow":"follow","max-snippet":"max-snippet:-1","max-image-preview":"max-image-preview:large","max-video-preview":"max-video-preview:-1"},"canonical":"https:\/\/valkveranda.nl\/de\/ueber-uns\/","og_locale":"de_DE","og_type":"article","og_title":"\u00dcber uns - Valk Veranda - Maatwerk - Vraag uw offerte aan!","og_description":"Valk Veranda glaubt, dass Sie Ihren Garten so gut wie m\u00f6glich genie\u00dfen k\u00f6nnen sollten. Lesen Sie mehr \u00fcber uns auf unserer Website.","og_url":"https:\/\/valkveranda.nl\/de\/ueber-uns\/","og_site_name":"Valk Veranda","article_publisher":"https:\/\/www.facebook.com\/valkveranda.nl\/?locale=nl_NL","article_modified_time":"2023-06-13T07:46:51+00:00","twitter_card":"summary_large_image","twitter_misc":{"Gesch\u00e4tzte Lesezeit":"2\u00a0Minuten"},"schema":{"@context":"https:\/\/schema.org","@graph":[{"@type":"WebPage","@id":"https:\/\/valkveranda.nl\/de\/ueber-uns\/","url":"https:\/\/valkveranda.nl\/de\/ueber-uns\/","name":"\u00dcber uns - Valk Veranda - Maatwerk - Vraag uw offerte aan!","isPartOf":{"@id":"https:\/\/valkveranda.nl\/de\/#website"},"datePublished":"2021-03-24T13:27:33+00:00","dateModified":"2023-06-13T07:46:51+00:00","description":"Valk Veranda glaubt, dass Sie Ihren Garten so gut wie m\u00f6glich genie\u00dfen k\u00f6nnen sollten. Lesen Sie mehr \u00fcber uns auf unserer Website.","breadcrumb":{"@id":"https:\/\/valkveranda.nl\/de\/ueber-uns\/#breadcrumb"},"inLanguage":"de","potentialAction":[{"@type":"ReadAction","target":["https:\/\/valkveranda.nl\/de\/ueber-uns\/"]}]},{"@type":"BreadcrumbList","@id":"https:\/\/valkveranda.nl\/de\/ueber-uns\/#breadcrumb","itemListElement":[{"@type":"ListItem","position":1,"name":"Home","item":"https:\/\/valkveranda.nl\/de\/"},{"@type":"ListItem","position":2,"name":"\u00dcber uns"}]},{"@type":"WebSite","@id":"https:\/\/valkveranda.nl\/de\/#website","url":"https:\/\/valkveranda.nl\/de\/","name":"Valk Veranda","description":"Geniet langer van uw tuin!","publisher":{"@id":"https:\/\/valkveranda.nl\/de\/#organization"},"potentialAction":[{"@type":"SearchAction","target":{"@type":"EntryPoint","urlTemplate":"https:\/\/valkveranda.nl\/de\/?s={search_term_string}"},"query-input":{"@type":"PropertyValueSpecification","valueRequired":true,"valueName":"search_term_string"}}],"inLanguage":"de"},{"@type":"Organization","@id":"https:\/\/valkveranda.nl\/de\/#organization","name":"Valk Veranda","url":"https:\/\/valkveranda.nl\/de\/","logo":{"@type":"ImageObject","inLanguage":"de","@id":"https:\/\/valkveranda.nl\/de\/#\/schema\/logo\/image\/","url":"https:\/\/valkveranda.nl\/wp-content\/uploads\/2020\/10\/valk-veranda-02.png","contentUrl":"https:\/\/valkveranda.nl\/wp-content\/uploads\/2020\/10\/valk-veranda-02.png","width":242,"height":51,"caption":"Valk Veranda"},"image":{"@id":"https:\/\/valkveranda.nl\/de\/#\/schema\/logo\/image\/"},"sameAs":["https:\/\/www.facebook.com\/valkveranda.nl\/?locale=nl_NL","https:\/\/www.instagram.co"]}]}},"_links":{"self":[{"href":"https:\/\/valkveranda.nl\/de\/wp-json\/wp\/v2\/pages\/16948","targetHints":{"allow":["GET"]}}],"collection":[{"href":"https:\/\/valkveranda.nl\/de\/wp-json\/wp\/v2\/pages"}],"about":[{"href":"https:\/\/valkveranda.nl\/de\/wp-json\/wp\/v2\/types\/page"}],"author":[{"embeddable":true,"href":"https:\/\/valkveranda.nl\/de\/wp-json\/wp\/v2\/users\/4"}],"replies":[{"embeddable":true,"href":"https:\/\/valkveranda.nl\/de\/wp-json\/wp\/v2\/comments?post=16948"}],"version-history":[{"count":14,"href":"https:\/\/valkveranda.nl\/de\/wp-json\/wp\/v2\/pages\/16948\/revisions"}],"predecessor-version":[{"id":22262,"href":"https:\/\/valkveranda.nl\/de\/wp-json\/wp\/v2\/pages\/16948\/revisions\/22262"}],"wp:attachment":[{"href":"https:\/\/valkveranda.nl\/de\/wp-json\/wp\/v2\/media?parent=16948"}],"curies":[{"name":"wp","href":"https:\/\/api.w.org\/{rel}","templated":true}]}}