{"id":17566,"date":"2021-04-07T09:36:55","date_gmt":"2021-04-07T09:36:55","guid":{"rendered":"https:\/\/valk.web-wings.nl\/abholen\/"},"modified":"2025-03-24T11:34:36","modified_gmt":"2025-03-24T10:34:36","slug":"abholen","status":"publish","type":"page","link":"https:\/\/valkveranda.nl\/de\/abholen\/","title":{"rendered":"Abholen"},"content":{"rendered":"<div class=\"wpb-content-wrapper\"><p>[vc_row full_width=&#8220;stretch_row&#8220; gap=&#8220;20&#8243; content_placement=&#8220;middle&#8220; css=&#8220;.vc_custom_1610978329593{padding-top: 50px !important;padding-bottom: 50px !important;}&#8220;][vc_column width=&#8220;1\/2&#8243;]<div id=\"ultimate-heading-43736a071e1726d0d\" class=\"uvc-heading ult-adjust-bottom-margin ultimate-heading-43736a071e1726d0d uvc-6720  uvc-heading-default-font-sizes\" data-hspacer=\"line_with_icon\" data-hline_width=\"250\" data-hicon_type=\"selector\" data-hborder_style=\"solid\" data-hborder_height=\"1\" data-hborder_color=\"#ec6719\" data-icon_width=\"0\" data-hfixer=\"0\"  data-halign=\"left\" style=\"text-align:left\"><div class=\"uvc-main-heading ult-responsive\"  data-ultimate-target='.uvc-heading.ultimate-heading-43736a071e1726d0d h1'  data-responsive-json-new='{\"font-size\":\"\",\"line-height\":\"\"}' ><h1 style=\"--font-weight:theme;\">Abholen in unsere Produktionshalle<\/h1><\/div><div class=\"uvc-heading-spacer line_with_icon\" style=\"margin-bottom:25px;height:0px;\"><div class=\"ult-just-icon-wrapper  \"><div class=\"align-icon\" style=\"text-align:left;\"><\/div><\/div><\/div><\/div>[vc_column_text css=&#8220;.vc_custom_1620640484236{padding-bottom: 25px !important;}&#8220;]<\/p>\n<div class=\"bodytext\">\n<p>Es ist m\u00f6glich, Ihre Bestellung bei Valk Veranda abzuholen! Sie m\u00fcssen dies im Voraus vereinbaren. Sie k\u00f6nnen uns telefonisch oder per E-Mail kontaktieren, um Ihre Bestellung abzuholen. Die Abholung Ihrer Bestellung erfolgt vollst\u00e4ndig nach den neuesten Corona-Ma\u00dfst\u00e4ben. Unser professionelles Personal hilft Ihnen gerne bei der Abholung Ihrer Sachen. Wir helfen beim Laden und sorgen daf\u00fcr, dass Ihre Sachen unbesch\u00e4digt bei Ihnen zu Hause ankommen. Vereinbaren Sie unten einen Termin mit uns, um Ihre Bestellung abzuholen.<\/p>\n<\/div>\n<p>[\/vc_column_text]<a href=\"\/de\/kontakt\/\" class=\"btn-shortcode dt-btn-m dt-btn default-btn-color default-btn-hover-color default-btn-bg-color default-btn-bg-hover-color\" id=\"dt-btn-1\"><span>Machen Sie einen Termin<\/span><\/a>[\/vc_column][vc_column width=&#8220;1\/2&#8243;][vc_single_image image=&#8220;18987&#8243; img_size=&#8220;650&#8243; alignment=&#8220;right&#8220; style=&#8220;vc_box_rounded&#8220;][\/vc_column][\/vc_row][vc_row full_width=&#8220;stretch_row&#8220; bg_type=&#8220;image&#8220; parallax_style=&#8220;vcpb-default&#8220; bg_image_new=&#8220;id^16726|url^https:\/\/valk.web-wings.nl\/wp-content\/uploads\/2026\/01\/grijs-heel-klein_Tekengebied-1.jpg|caption^null|alt^null|title^grijs heel klein|description^null&#8220; css=&#8220;.vc_custom_1610978571168{padding-top: 50px !important;padding-bottom: 50px !important;}&#8220;][vc_column]<div id=\"ultimate-heading-67466a071e1726e4e\" class=\"uvc-heading ult-adjust-bottom-margin ultimate-heading-67466a071e1726e4e uvc-5212  uvc-heading-default-font-sizes\" data-hspacer=\"line_with_icon\" data-hline_width=\"250\" data-hicon_type=\"selector\" data-hborder_style=\"solid\" data-hborder_height=\"1\" data-hborder_color=\"#ec6719\" data-icon_width=\"0\" data-hfixer=\"0\"  data-halign=\"center\" style=\"text-align:center\"><div class=\"uvc-main-heading ult-responsive\"  data-ultimate-target='.uvc-heading.ultimate-heading-67466a071e1726e4e h2'  data-responsive-json-new='{\"font-size\":\"\",\"line-height\":\"\"}' ><h2 style=\"--font-weight:theme;\">Abholen<\/h2><\/div><div class=\"uvc-heading-spacer line_with_icon\" style=\"margin-bottom:25px;height:0px;\"><div class=\"ult-just-icon-wrapper  \"><div class=\"align-icon\" style=\"text-align:center;\"><\/div><\/div><\/div><\/div>[vc_row_inner][vc_column_inner width=&#8220;1\/3&#8243;]<div id=\"ultimate-heading-94346a071e1726ef5\" class=\"uvc-heading ult-adjust-bottom-margin ultimate-heading-94346a071e1726ef5 uvc-1443 \" data-hspacer=\"icon_only\"  data-halign=\"center\" style=\"text-align:center\"><div class=\"uvc-heading-spacer icon_only\" style=\"margin-top:30px;\"><div class=\"ult-just-icon-wrapper  \"><div class=\"align-icon\" style=\"text-align:center;\">\n<div class=\"aio-icon none \"  style=\"color:#ec6719;font-size:48px;display:inline-block;\">\n\t<i class=\"fas fa-home\"><\/i>\n<\/div><\/div><\/div><\/div><div class=\"uvc-main-heading ult-responsive\"  data-ultimate-target='.uvc-heading.ultimate-heading-94346a071e1726ef5 h2'  data-responsive-json-new='{\"font-size\":\"desktop:18px;\",\"line-height\":\"\"}' ><h2 style=\"--font-weight:theme;margin-top:15px;margin-bottom:5px;\">ADRESSE<\/h2><\/div><div class=\"uvc-sub-heading ult-responsive\"  data-ultimate-target='.uvc-heading.ultimate-heading-94346a071e1726ef5 .uvc-sub-heading '  data-responsive-json-new='{\"font-size\":\"desktop:18px;\",\"line-height\":\"\"}'  style=\"font-weight:normal;color:#606060;margin-bottom:30px;\"><a style=\"text-decoration: none; color: #1c3544;\" href=\"https:\/\/goo.gl\/maps\/izGkSpEHVVLM7soP9\" target=\"_blank\" rel=\"nofollow noopener noreferrer\"> Dillenburgstraat 19, Eindhoven 5652AM<\/a><br \/>\n<span style=\"font-size: 12px;\">Besuch nur mit Termin m\u00f6glich<\/span><\/div><\/div>[\/vc_column_inner][vc_column_inner width=&#8220;1\/3&#8243;]<div id=\"ultimate-heading-61006a071e1726f8e\" class=\"uvc-heading ult-adjust-bottom-margin ultimate-heading-61006a071e1726f8e uvc-4634 \" data-hspacer=\"icon_only\"  data-halign=\"center\" style=\"text-align:center\"><div class=\"uvc-heading-spacer icon_only\" style=\"margin-top:30px;\"><div class=\"ult-just-icon-wrapper  \"><div class=\"align-icon\" style=\"text-align:center;\">\n<div class=\"aio-icon none \"  style=\"color:#ec6719;font-size:48px;display:inline-block;\">\n\t<i class=\"Defaults-phone\"><\/i>\n<\/div><\/div><\/div><\/div><div class=\"uvc-main-heading ult-responsive\"  data-ultimate-target='.uvc-heading.ultimate-heading-61006a071e1726f8e h2'  data-responsive-json-new='{\"font-size\":\"desktop:18px;\",\"line-height\":\"\"}' ><h2 style=\"--font-weight:theme;margin-top:15px;margin-bottom:5px;\">TELEFON<\/h2><\/div><div class=\"uvc-sub-heading ult-responsive\"  data-ultimate-target='.uvc-heading.ultimate-heading-61006a071e1726f8e .uvc-sub-heading '  data-responsive-json-new='{\"font-size\":\"desktop:18px;\",\"line-height\":\"\"}'  style=\"font-weight:normal;color:#606060;margin-bottom:30px;\"><a style=\"text-decoration: none; color: #1c3544;\" href=\"tel:0684707777\" target=\"_blank\" rel=\"nofollow noopener noreferrer\">0684707777<\/a><\/div><\/div>[\/vc_column_inner][vc_column_inner width=&#8220;1\/3&#8243;]<div id=\"ultimate-heading-26726a071e1727017\" class=\"uvc-heading ult-adjust-bottom-margin ultimate-heading-26726a071e1727017 uvc-2550 \" data-hspacer=\"icon_only\"  data-halign=\"center\" style=\"text-align:center\"><div class=\"uvc-heading-spacer icon_only\" style=\"margin-top:30px;\"><div class=\"ult-just-icon-wrapper  \"><div class=\"align-icon\" style=\"text-align:center;\">\n<div class=\"aio-icon none \"  style=\"color:#ec6719;font-size:48px;display:inline-block;\">\n\t<i class=\"icomoon-the7-font-the7-mail-02\"><\/i>\n<\/div><\/div><\/div><\/div><div class=\"uvc-main-heading ult-responsive\"  data-ultimate-target='.uvc-heading.ultimate-heading-26726a071e1727017 h2'  data-responsive-json-new='{\"font-size\":\"desktop:18px;\",\"line-height\":\"\"}' ><h2 style=\"--font-weight:theme;margin-top:15px;margin-bottom:5px;\">E-MAIL<\/h2><\/div><div class=\"uvc-sub-heading ult-responsive\"  data-ultimate-target='.uvc-heading.ultimate-heading-26726a071e1727017 .uvc-sub-heading '  data-responsive-json-new='{\"font-size\":\"desktop:18px;\",\"line-height\":\"\"}'  style=\"font-weight:normal;color:#aab5ab;margin-bottom:30px;\"><a style=\"text-decoration: none; color: #1c3544;\" href=\"mailto:info@valkveranda.nl\">info@valkveranda.nl<\/a><\/div><\/div>[\/vc_column_inner][\/vc_row_inner][\/vc_column][\/vc_row]<\/p>\n<\/div>","protected":false},"excerpt":{"rendered":"<p>[vc_row full_width=&#8220;stretch_row&#8220; gap=&#8220;20&#8243; content_placement=&#8220;middle&#8220; css=&#8220;.vc_custom_1610978329593{padding-top: 50px !important;padding-bottom: 50px !important;}&#8220;][vc_column width=&#8220;1\/2&#8243;][vc_column_text css=&#8220;.vc_custom_1620640484236{padding-bottom: 25px !important;}&#8220;] Es ist m\u00f6glich, Ihre Bestellung bei Valk Veranda abzuholen! Sie m\u00fcssen dies im Voraus vereinbaren. Sie k\u00f6nnen uns telefonisch oder per E-Mail kontaktieren, um Ihre Bestellung abzuholen. Die Abholung Ihrer Bestellung erfolgt vollst\u00e4ndig nach den neuesten Corona-Ma\u00dfst\u00e4ben. Unser professionelles Personal hilft Ihnen&hellip;<\/p>\n","protected":false},"author":4,"featured_media":0,"parent":0,"menu_order":0,"comment_status":"closed","ping_status":"closed","template":"","meta":{"footnotes":""},"class_list":["post-17566","page","type-page","status-publish","hentry","description-off"],"yoast_head":"<!-- This site is optimized with the Yoast SEO plugin v27.6 - https:\/\/yoast.com\/product\/yoast-seo-wordpress\/ -->\n<title>Selbstabholung Ihrer Bestellung | Valk Veranda<\/title>\n<meta name=\"description\" content=\"Erfahren Sie alles \u00fcber die M\u00f6glichkeiten zur Selbstabholung Ihrer Bestellung bei Valk Veranda in den Niederlanden.\" \/>\n<meta name=\"robots\" content=\"index, follow, max-snippet:-1, max-image-preview:large, max-video-preview:-1\" \/>\n<link rel=\"canonical\" href=\"https:\/\/valkveranda.nl\/de\/abholen\/\" \/>\n<meta property=\"og:locale\" content=\"de_DE\" \/>\n<meta property=\"og:type\" content=\"article\" \/>\n<meta property=\"og:title\" content=\"Selbstabholung Ihrer Bestellung | Valk Veranda\" \/>\n<meta property=\"og:description\" content=\"Erfahren Sie alles \u00fcber die M\u00f6glichkeiten zur Selbstabholung Ihrer Bestellung bei Valk Veranda in den Niederlanden.\" \/>\n<meta property=\"og:url\" content=\"https:\/\/valkveranda.nl\/de\/abholen\/\" \/>\n<meta property=\"og:site_name\" content=\"Valk Veranda\" \/>\n<meta property=\"article:publisher\" content=\"https:\/\/www.facebook.com\/valkveranda.nl\/?locale=nl_NL\" \/>\n<meta property=\"article:modified_time\" content=\"2025-03-24T10:34:36+00:00\" \/>\n<meta name=\"twitter:card\" content=\"summary_large_image\" \/>\n<meta name=\"twitter:label1\" content=\"Gesch\u00e4tzte Lesezeit\" \/>\n\t<meta name=\"twitter:data1\" content=\"2\u00a0Minuten\" \/>\n<script type=\"application\/ld+json\" class=\"yoast-schema-graph\">{\"@context\":\"https:\\\/\\\/schema.org\",\"@graph\":[{\"@type\":\"WebPage\",\"@id\":\"https:\\\/\\\/valkveranda.nl\\\/de\\\/abholen\\\/\",\"url\":\"https:\\\/\\\/valkveranda.nl\\\/de\\\/abholen\\\/\",\"name\":\"Selbstabholung Ihrer Bestellung | Valk Veranda\",\"isPartOf\":{\"@id\":\"https:\\\/\\\/valkveranda.nl\\\/de\\\/#website\"},\"datePublished\":\"2021-04-07T09:36:55+00:00\",\"dateModified\":\"2025-03-24T10:34:36+00:00\",\"description\":\"Erfahren Sie alles \u00fcber die M\u00f6glichkeiten zur Selbstabholung Ihrer Bestellung bei Valk Veranda in den Niederlanden.\",\"breadcrumb\":{\"@id\":\"https:\\\/\\\/valkveranda.nl\\\/de\\\/abholen\\\/#breadcrumb\"},\"inLanguage\":\"de\",\"potentialAction\":[{\"@type\":\"ReadAction\",\"target\":[\"https:\\\/\\\/valkveranda.nl\\\/de\\\/abholen\\\/\"]}]},{\"@type\":\"BreadcrumbList\",\"@id\":\"https:\\\/\\\/valkveranda.nl\\\/de\\\/abholen\\\/#breadcrumb\",\"itemListElement\":[{\"@type\":\"ListItem\",\"position\":1,\"name\":\"Home\",\"item\":\"https:\\\/\\\/valkveranda.nl\\\/de\\\/\"},{\"@type\":\"ListItem\",\"position\":2,\"name\":\"Abholen\"}]},{\"@type\":\"WebSite\",\"@id\":\"https:\\\/\\\/valkveranda.nl\\\/de\\\/#website\",\"url\":\"https:\\\/\\\/valkveranda.nl\\\/de\\\/\",\"name\":\"Valk Veranda\",\"description\":\"Geniet langer van uw tuin!\",\"publisher\":{\"@id\":\"https:\\\/\\\/valkveranda.nl\\\/de\\\/#organization\"},\"potentialAction\":[{\"@type\":\"SearchAction\",\"target\":{\"@type\":\"EntryPoint\",\"urlTemplate\":\"https:\\\/\\\/valkveranda.nl\\\/de\\\/?s={search_term_string}\"},\"query-input\":{\"@type\":\"PropertyValueSpecification\",\"valueRequired\":true,\"valueName\":\"search_term_string\"}}],\"inLanguage\":\"de\"},{\"@type\":\"Organization\",\"@id\":\"https:\\\/\\\/valkveranda.nl\\\/de\\\/#organization\",\"name\":\"Valk Veranda\",\"url\":\"https:\\\/\\\/valkveranda.nl\\\/de\\\/\",\"logo\":{\"@type\":\"ImageObject\",\"inLanguage\":\"de\",\"@id\":\"https:\\\/\\\/valkveranda.nl\\\/de\\\/#\\\/schema\\\/logo\\\/image\\\/\",\"url\":\"https:\\\/\\\/valkveranda.nl\\\/wp-content\\\/uploads\\\/2020\\\/10\\\/valk-veranda-02.png\",\"contentUrl\":\"https:\\\/\\\/valkveranda.nl\\\/wp-content\\\/uploads\\\/2020\\\/10\\\/valk-veranda-02.png\",\"width\":242,\"height\":51,\"caption\":\"Valk Veranda\"},\"image\":{\"@id\":\"https:\\\/\\\/valkveranda.nl\\\/de\\\/#\\\/schema\\\/logo\\\/image\\\/\"},\"sameAs\":[\"https:\\\/\\\/www.facebook.com\\\/valkveranda.nl\\\/?locale=nl_NL\",\"https:\\\/\\\/www.instagram.co\"]}]}<\/script>\n<!-- \/ Yoast SEO plugin. -->","yoast_head_json":{"title":"Selbstabholung Ihrer Bestellung | Valk Veranda","description":"Erfahren Sie alles \u00fcber die M\u00f6glichkeiten zur Selbstabholung Ihrer Bestellung bei Valk Veranda in den Niederlanden.","robots":{"index":"index","follow":"follow","max-snippet":"max-snippet:-1","max-image-preview":"max-image-preview:large","max-video-preview":"max-video-preview:-1"},"canonical":"https:\/\/valkveranda.nl\/de\/abholen\/","og_locale":"de_DE","og_type":"article","og_title":"Selbstabholung Ihrer Bestellung | Valk Veranda","og_description":"Erfahren Sie alles \u00fcber die M\u00f6glichkeiten zur Selbstabholung Ihrer Bestellung bei Valk Veranda in den Niederlanden.","og_url":"https:\/\/valkveranda.nl\/de\/abholen\/","og_site_name":"Valk Veranda","article_publisher":"https:\/\/www.facebook.com\/valkveranda.nl\/?locale=nl_NL","article_modified_time":"2025-03-24T10:34:36+00:00","twitter_card":"summary_large_image","twitter_misc":{"Gesch\u00e4tzte Lesezeit":"2\u00a0Minuten"},"schema":{"@context":"https:\/\/schema.org","@graph":[{"@type":"WebPage","@id":"https:\/\/valkveranda.nl\/de\/abholen\/","url":"https:\/\/valkveranda.nl\/de\/abholen\/","name":"Selbstabholung Ihrer Bestellung | Valk Veranda","isPartOf":{"@id":"https:\/\/valkveranda.nl\/de\/#website"},"datePublished":"2021-04-07T09:36:55+00:00","dateModified":"2025-03-24T10:34:36+00:00","description":"Erfahren Sie alles \u00fcber die M\u00f6glichkeiten zur Selbstabholung Ihrer Bestellung bei Valk Veranda in den Niederlanden.","breadcrumb":{"@id":"https:\/\/valkveranda.nl\/de\/abholen\/#breadcrumb"},"inLanguage":"de","potentialAction":[{"@type":"ReadAction","target":["https:\/\/valkveranda.nl\/de\/abholen\/"]}]},{"@type":"BreadcrumbList","@id":"https:\/\/valkveranda.nl\/de\/abholen\/#breadcrumb","itemListElement":[{"@type":"ListItem","position":1,"name":"Home","item":"https:\/\/valkveranda.nl\/de\/"},{"@type":"ListItem","position":2,"name":"Abholen"}]},{"@type":"WebSite","@id":"https:\/\/valkveranda.nl\/de\/#website","url":"https:\/\/valkveranda.nl\/de\/","name":"Valk Veranda","description":"Geniet langer van uw tuin!","publisher":{"@id":"https:\/\/valkveranda.nl\/de\/#organization"},"potentialAction":[{"@type":"SearchAction","target":{"@type":"EntryPoint","urlTemplate":"https:\/\/valkveranda.nl\/de\/?s={search_term_string}"},"query-input":{"@type":"PropertyValueSpecification","valueRequired":true,"valueName":"search_term_string"}}],"inLanguage":"de"},{"@type":"Organization","@id":"https:\/\/valkveranda.nl\/de\/#organization","name":"Valk Veranda","url":"https:\/\/valkveranda.nl\/de\/","logo":{"@type":"ImageObject","inLanguage":"de","@id":"https:\/\/valkveranda.nl\/de\/#\/schema\/logo\/image\/","url":"https:\/\/valkveranda.nl\/wp-content\/uploads\/2020\/10\/valk-veranda-02.png","contentUrl":"https:\/\/valkveranda.nl\/wp-content\/uploads\/2020\/10\/valk-veranda-02.png","width":242,"height":51,"caption":"Valk Veranda"},"image":{"@id":"https:\/\/valkveranda.nl\/de\/#\/schema\/logo\/image\/"},"sameAs":["https:\/\/www.facebook.com\/valkveranda.nl\/?locale=nl_NL","https:\/\/www.instagram.co"]}]}},"_links":{"self":[{"href":"https:\/\/valkveranda.nl\/de\/wp-json\/wp\/v2\/pages\/17566","targetHints":{"allow":["GET"]}}],"collection":[{"href":"https:\/\/valkveranda.nl\/de\/wp-json\/wp\/v2\/pages"}],"about":[{"href":"https:\/\/valkveranda.nl\/de\/wp-json\/wp\/v2\/types\/page"}],"author":[{"embeddable":true,"href":"https:\/\/valkveranda.nl\/de\/wp-json\/wp\/v2\/users\/4"}],"replies":[{"embeddable":true,"href":"https:\/\/valkveranda.nl\/de\/wp-json\/wp\/v2\/comments?post=17566"}],"version-history":[{"count":15,"href":"https:\/\/valkveranda.nl\/de\/wp-json\/wp\/v2\/pages\/17566\/revisions"}],"predecessor-version":[{"id":22849,"href":"https:\/\/valkveranda.nl\/de\/wp-json\/wp\/v2\/pages\/17566\/revisions\/22849"}],"wp:attachment":[{"href":"https:\/\/valkveranda.nl\/de\/wp-json\/wp\/v2\/media?parent=17566"}],"curies":[{"name":"wp","href":"https:\/\/api.w.org\/{rel}","templated":true}]}}